{"id":1566,"date":"2019-07-09T17:03:40","date_gmt":"2021-08-20T15:52:51","guid":{"rendered":"https:\/\/velvetclinics.nl\/test\/?post_type=product&#038;p=1566"},"modified":"2021-08-20T15:52:51","modified_gmt":"2021-08-20T15:52:51","slug":"skin-tech-mamofillin-cream","status":"publish","type":"product","link":"https:\/\/velvetclinics.nl\/en\/product\/skin-tech-mamofillin-cream\/","title":{"rendered":"Skin-Tech Mamofillin Cream"},"content":{"rendered":"<p>Mamofillin Cream is een cosmetische cr\u00e8me die het volume van de borsten vergroot. De <\/span>cr\u00e8me<span class=\"\"> verbetert het volume en de elasticiteit van de huid van de borsten en het decollet\u00e9. Mamofillin Cream bevat Acetyl Hexapeptide-28; dit peptide stimuleert de lokale vettoename en opslag. Het eerste effect is na ongeveer 6 weken zichtbaar.<\/p>\n","protected":false},"excerpt":{"rendered":"<div class=\"\"><span style=\"text-decoration: underline;\"><span class=\"\">Eigenschappen<\/span><\/span><span class=\"\"><br class=\"\">Mamofillin Cream is een cosmetische cr\u00e8me die het volume van de borsten vergroot. De <\/span>cr\u00e8me<span class=\"\"> verbetert het volume en de elasticiteit van de huid van de borsten en het decollet\u00e9. Mamofillin Cream bevat Acetyl Hexapeptide-28; dit peptide stimuleert de lokale vettoename en opslag. Het eerste effect is na ongeveer 6 weken zichtbaar.<\/p>\n<p><\/span><\/div>\n<div class=\"\"><\/div>\n<div class=\"\"><span style=\"text-decoration: underline;\"><span class=\"\">Indicaties<\/span><\/span><\/div>\n<div class=\"\"><span class=\"\">&#8211; Wens voor volume toename van borsten (iedere leeftijd)<\/span><\/div>\n<div class=\"\"><span class=\"\">&#8211; Asymmetrische borsten<\/span><\/div>\n<div class=\"\"><span class=\"\">&#8211; Afgenomen volume van borsten bijvoorbeeld door zwangerschap, borstvoeding of gewichtsafname<\/span><\/div>\n<div class=\"\"><span class=\"\">&#8211; Kwetsbare huid en rimpels van het decollet\u00e9<\/p>\n<p><\/span><\/div>\n<div class=\"\"><\/div>\n<div class=\"\"><span style=\"text-decoration: underline;\"><span class=\"\">Gebruik<\/span><\/span><\/div>\n<div class=\"\"><span class=\"\">2 maal daags aanbrengen en inmasseren<\/span><\/div>\n","protected":false},"featured_media":1858,"comment_status":"open","ping_status":"closed","template":"","meta":[],"product_brand":[],"product_cat":[550],"product_tag":[],"class_list":{"0":"post-1566","1":"product","2":"type-product","3":"status-publish","4":"has-post-thumbnail","6":"product_cat-skin-tech-en","8":"first","9":"outofstock","10":"sale","11":"shipping-taxable","12":"purchasable","13":"product-type-simple","14":"prodpage-classic"},"yoast_head":"<!-- This site is optimized with the Yoast SEO plugin v25.6 - https:\/\/yoast.com\/wordpress\/plugins\/seo\/ -->\n<title>Skin-Tech Mamofillin Cream - Velvet Clinics<\/title>\n<meta name=\"robots\" content=\"index, follow, max-snippet:-1, max-image-preview:large, max-video-preview:-1\" \/>\n<link rel=\"canonical\" href=\"https:\/\/velvetclinics.nl\/en\/product\/skin-tech-mamofillin-cream\/\" \/>\n<meta property=\"og:locale\" content=\"en_US\" \/>\n<meta property=\"og:type\" content=\"article\" \/>\n<meta property=\"og:title\" content=\"Skin-Tech Mamofillin Cream - Velvet Clinics\" \/>\n<meta property=\"og:description\" content=\"EigenschappenMamofillin Cream is een cosmetische cr\u00e8me die het volume van de borsten vergroot. De cr\u00e8me verbetert het volume en de elasticiteit van de huid van de borsten en het decollet\u00e9. Mamofillin Cream bevat Acetyl Hexapeptide-28; dit peptide stimuleert de lokale vettoename en opslag. Het eerste effect is na ongeveer 6 weken zichtbaar.   Indicaties - Wens voor volume toename van borsten (iedere leeftijd) - Asymmetrische borsten - Afgenomen volume van borsten bijvoorbeeld door zwangerschap, borstvoeding of gewichtsafname - Kwetsbare huid en rimpels van het decollet\u00e9   Gebruik 2 maal daags aanbrengen en inmasseren\" \/>\n<meta property=\"og:url\" content=\"https:\/\/velvetclinics.nl\/en\/product\/skin-tech-mamofillin-cream\/\" \/>\n<meta property=\"og:site_name\" content=\"Velvet Clinics\" \/>\n<meta property=\"og:image\" content=\"https:\/\/velvetclinics.nl\/wp-content\/uploads\/2021\/05\/st_mamofillin_box.png\" \/>\n\t<meta property=\"og:image:width\" content=\"556\" \/>\n\t<meta property=\"og:image:height\" content=\"556\" \/>\n\t<meta property=\"og:image:type\" content=\"image\/png\" \/>\n<meta name=\"twitter:card\" content=\"summary_large_image\" \/>\n<script type=\"application\/ld+json\" class=\"yoast-schema-graph\">{\"@context\":\"https:\/\/schema.org\",\"@graph\":[{\"@type\":\"WebPage\",\"@id\":\"https:\/\/velvetclinics.nl\/en\/product\/skin-tech-mamofillin-cream\/\",\"url\":\"https:\/\/velvetclinics.nl\/en\/product\/skin-tech-mamofillin-cream\/\",\"name\":\"Skin-Tech Mamofillin Cream - Velvet Clinics\",\"isPartOf\":{\"@id\":\"https:\/\/velvetclinics.nl\/#website\"},\"primaryImageOfPage\":{\"@id\":\"https:\/\/velvetclinics.nl\/en\/product\/skin-tech-mamofillin-cream\/#primaryimage\"},\"image\":{\"@id\":\"https:\/\/velvetclinics.nl\/en\/product\/skin-tech-mamofillin-cream\/#primaryimage\"},\"thumbnailUrl\":\"https:\/\/velvetclinics.nl\/wp-content\/uploads\/2021\/05\/st_mamofillin_box.png\",\"datePublished\":\"2021-08-20T15:52:51+00:00\",\"breadcrumb\":{\"@id\":\"https:\/\/velvetclinics.nl\/en\/product\/skin-tech-mamofillin-cream\/#breadcrumb\"},\"inLanguage\":\"en-US\",\"potentialAction\":[{\"@type\":\"ReadAction\",\"target\":[\"https:\/\/velvetclinics.nl\/en\/product\/skin-tech-mamofillin-cream\/\"]}]},{\"@type\":\"ImageObject\",\"inLanguage\":\"en-US\",\"@id\":\"https:\/\/velvetclinics.nl\/en\/product\/skin-tech-mamofillin-cream\/#primaryimage\",\"url\":\"https:\/\/velvetclinics.nl\/wp-content\/uploads\/2021\/05\/st_mamofillin_box.png\",\"contentUrl\":\"https:\/\/velvetclinics.nl\/wp-content\/uploads\/2021\/05\/st_mamofillin_box.png\",\"width\":556,\"height\":556},{\"@type\":\"BreadcrumbList\",\"@id\":\"https:\/\/velvetclinics.nl\/en\/product\/skin-tech-mamofillin-cream\/#breadcrumb\",\"itemListElement\":[{\"@type\":\"ListItem\",\"position\":1,\"name\":\"Home\",\"item\":\"https:\/\/velvetclinics.nl\/en\/\"},{\"@type\":\"ListItem\",\"position\":2,\"name\":\"Winkel\",\"item\":\"https:\/\/velvetclinics.nl\/winkel\/\"},{\"@type\":\"ListItem\",\"position\":3,\"name\":\"Skin-Tech Mamofillin Cream\"}]},{\"@type\":\"WebSite\",\"@id\":\"https:\/\/velvetclinics.nl\/#website\",\"url\":\"https:\/\/velvetclinics.nl\/\",\"name\":\"Velvet Clinics\",\"description\":\"Cosmetische kliniek\",\"publisher\":{\"@id\":\"https:\/\/velvetclinics.nl\/#organization\"},\"potentialAction\":[{\"@type\":\"SearchAction\",\"target\":{\"@type\":\"EntryPoint\",\"urlTemplate\":\"https:\/\/velvetclinics.nl\/?s={search_term_string}\"},\"query-input\":{\"@type\":\"PropertyValueSpecification\",\"valueRequired\":true,\"valueName\":\"search_term_string\"}}],\"inLanguage\":\"en-US\"},{\"@type\":\"Organization\",\"@id\":\"https:\/\/velvetclinics.nl\/#organization\",\"name\":\"Velvet Clinics\",\"url\":\"https:\/\/velvetclinics.nl\/\",\"logo\":{\"@type\":\"ImageObject\",\"inLanguage\":\"en-US\",\"@id\":\"https:\/\/velvetclinics.nl\/#\/schema\/logo\/image\/\",\"url\":\"https:\/\/velvetclinics.nl\/wp-content\/uploads\/2019\/06\/Velvet-Clinics-logo.png\",\"contentUrl\":\"https:\/\/velvetclinics.nl\/wp-content\/uploads\/2019\/06\/Velvet-Clinics-logo.png\",\"width\":256,\"height\":124,\"caption\":\"Velvet Clinics\"},\"image\":{\"@id\":\"https:\/\/velvetclinics.nl\/#\/schema\/logo\/image\/\"}}]}<\/script>\n<!-- \/ Yoast SEO plugin. -->","yoast_head_json":{"title":"Skin-Tech Mamofillin Cream - Velvet Clinics","robots":{"index":"index","follow":"follow","max-snippet":"max-snippet:-1","max-image-preview":"max-image-preview:large","max-video-preview":"max-video-preview:-1"},"canonical":"https:\/\/velvetclinics.nl\/en\/product\/skin-tech-mamofillin-cream\/","og_locale":"en_US","og_type":"article","og_title":"Skin-Tech Mamofillin Cream - Velvet Clinics","og_description":"EigenschappenMamofillin Cream is een cosmetische cr\u00e8me die het volume van de borsten vergroot. De cr\u00e8me verbetert het volume en de elasticiteit van de huid van de borsten en het decollet\u00e9. Mamofillin Cream bevat Acetyl Hexapeptide-28; dit peptide stimuleert de lokale vettoename en opslag. Het eerste effect is na ongeveer 6 weken zichtbaar.   Indicaties - Wens voor volume toename van borsten (iedere leeftijd) - Asymmetrische borsten - Afgenomen volume van borsten bijvoorbeeld door zwangerschap, borstvoeding of gewichtsafname - Kwetsbare huid en rimpels van het decollet\u00e9   Gebruik 2 maal daags aanbrengen en inmasseren","og_url":"https:\/\/velvetclinics.nl\/en\/product\/skin-tech-mamofillin-cream\/","og_site_name":"Velvet Clinics","og_image":[{"width":556,"height":556,"url":"https:\/\/velvetclinics.nl\/wp-content\/uploads\/2021\/05\/st_mamofillin_box.png","type":"image\/png"}],"twitter_card":"summary_large_image","schema":{"@context":"https:\/\/schema.org","@graph":[{"@type":"WebPage","@id":"https:\/\/velvetclinics.nl\/en\/product\/skin-tech-mamofillin-cream\/","url":"https:\/\/velvetclinics.nl\/en\/product\/skin-tech-mamofillin-cream\/","name":"Skin-Tech Mamofillin Cream - Velvet Clinics","isPartOf":{"@id":"https:\/\/velvetclinics.nl\/#website"},"primaryImageOfPage":{"@id":"https:\/\/velvetclinics.nl\/en\/product\/skin-tech-mamofillin-cream\/#primaryimage"},"image":{"@id":"https:\/\/velvetclinics.nl\/en\/product\/skin-tech-mamofillin-cream\/#primaryimage"},"thumbnailUrl":"https:\/\/velvetclinics.nl\/wp-content\/uploads\/2021\/05\/st_mamofillin_box.png","datePublished":"2021-08-20T15:52:51+00:00","breadcrumb":{"@id":"https:\/\/velvetclinics.nl\/en\/product\/skin-tech-mamofillin-cream\/#breadcrumb"},"inLanguage":"en-US","potentialAction":[{"@type":"ReadAction","target":["https:\/\/velvetclinics.nl\/en\/product\/skin-tech-mamofillin-cream\/"]}]},{"@type":"ImageObject","inLanguage":"en-US","@id":"https:\/\/velvetclinics.nl\/en\/product\/skin-tech-mamofillin-cream\/#primaryimage","url":"https:\/\/velvetclinics.nl\/wp-content\/uploads\/2021\/05\/st_mamofillin_box.png","contentUrl":"https:\/\/velvetclinics.nl\/wp-content\/uploads\/2021\/05\/st_mamofillin_box.png","width":556,"height":556},{"@type":"BreadcrumbList","@id":"https:\/\/velvetclinics.nl\/en\/product\/skin-tech-mamofillin-cream\/#breadcrumb","itemListElement":[{"@type":"ListItem","position":1,"name":"Home","item":"https:\/\/velvetclinics.nl\/en\/"},{"@type":"ListItem","position":2,"name":"Winkel","item":"https:\/\/velvetclinics.nl\/winkel\/"},{"@type":"ListItem","position":3,"name":"Skin-Tech Mamofillin Cream"}]},{"@type":"WebSite","@id":"https:\/\/velvetclinics.nl\/#website","url":"https:\/\/velvetclinics.nl\/","name":"Velvet Clinics","description":"Cosmetische kliniek","publisher":{"@id":"https:\/\/velvetclinics.nl\/#organization"},"potentialAction":[{"@type":"SearchAction","target":{"@type":"EntryPoint","urlTemplate":"https:\/\/velvetclinics.nl\/?s={search_term_string}"},"query-input":{"@type":"PropertyValueSpecification","valueRequired":true,"valueName":"search_term_string"}}],"inLanguage":"en-US"},{"@type":"Organization","@id":"https:\/\/velvetclinics.nl\/#organization","name":"Velvet Clinics","url":"https:\/\/velvetclinics.nl\/","logo":{"@type":"ImageObject","inLanguage":"en-US","@id":"https:\/\/velvetclinics.nl\/#\/schema\/logo\/image\/","url":"https:\/\/velvetclinics.nl\/wp-content\/uploads\/2019\/06\/Velvet-Clinics-logo.png","contentUrl":"https:\/\/velvetclinics.nl\/wp-content\/uploads\/2019\/06\/Velvet-Clinics-logo.png","width":256,"height":124,"caption":"Velvet Clinics"},"image":{"@id":"https:\/\/velvetclinics.nl\/#\/schema\/logo\/image\/"}}]}},"_links":{"self":[{"href":"https:\/\/velvetclinics.nl\/en\/wp-json\/wp\/v2\/product\/1566","targetHints":{"allow":["GET"]}}],"collection":[{"href":"https:\/\/velvetclinics.nl\/en\/wp-json\/wp\/v2\/product"}],"about":[{"href":"https:\/\/velvetclinics.nl\/en\/wp-json\/wp\/v2\/types\/product"}],"replies":[{"embeddable":true,"href":"https:\/\/velvetclinics.nl\/en\/wp-json\/wp\/v2\/comments?post=1566"}],"wp:featuredmedia":[{"embeddable":true,"href":"https:\/\/velvetclinics.nl\/en\/wp-json\/wp\/v2\/media\/1858"}],"wp:attachment":[{"href":"https:\/\/velvetclinics.nl\/en\/wp-json\/wp\/v2\/media?parent=1566"}],"wp:term":[{"taxonomy":"product_brand","embeddable":true,"href":"https:\/\/velvetclinics.nl\/en\/wp-json\/wp\/v2\/product_brand?post=1566"},{"taxonomy":"product_cat","embeddable":true,"href":"https:\/\/velvetclinics.nl\/en\/wp-json\/wp\/v2\/product_cat?post=1566"},{"taxonomy":"product_tag","embeddable":true,"href":"https:\/\/velvetclinics.nl\/en\/wp-json\/wp\/v2\/product_tag?post=1566"}],"curies":[{"name":"wp","href":"https:\/\/api.w.org\/{rel}","templated":true}]}}