{"id":2464,"date":"2021-05-20T09:33:30","date_gmt":"2021-08-20T15:50:46","guid":{"rendered":"https:\/\/velvetclinics.nl\/product\/teoxane-advanced-perfecting-shield-spf30\/"},"modified":"2021-08-20T15:50:48","modified_gmt":"2021-08-20T15:50:48","slug":"teoxane-advanced-perfecting-shield-spf30","status":"publish","type":"product","link":"https:\/\/velvetclinics.nl\/en\/product\/teoxane-advanced-perfecting-shield-spf30\/","title":{"rendered":"Teoxane Advanced Perfecting Shield SPF30"},"content":{"rendered":"<p>Teoxane Advanced Perfecting Shield SPF30 is een multifunctionele Factor 30-cr\u00e8me die is ontworpen om de huid het hele jaar door gezond en jong te houden. De cr\u00e8me is gebaseerd op Teoxane&#8217;s unieke en gepatenteerde RHA-technologie, waarmee de bovenste huidlagen gehydrateerd en voller gemaakt worden. Teoxane Advanced Perfecting Shield SPF30 is ontworpen om de huid te beschermen tegen UV-A, UV-B en omgevingsinvloeden.<\/p>\n","protected":false},"excerpt":{"rendered":"<p>Teoxane Advanced Perfecting Shield SPF30 is een multifunctionele Factor 30-cr\u00e8me die is ontworpen om de huid het hele jaar door gezond en jong te houden. De cr\u00e8me is gebaseerd op Teoxane&#8217;s unieke en gepatenteerde RHA-technologie, waarmee de bovenste huidlagen gehydrateerd en voller gemaakt worden. Teoxane Advanced Perfecting Shield SPF30 is ontworpen om de huid te beschermen tegen UV-A, UV-B en omgevingsinvloeden.<\/p>\n<p>De cr\u00e8me bevatingredi\u00ebnten die huidveroudering actief tegengaan. Daarnaast bevat deze cr\u00e8me krachtige antioxidanten die naast huidveroudering ook een vermoeid ogende huid bestrijden. In de derde plaats zorgt de cr\u00e8me ervoor dat alle tinten in de huid weer gaan stralen en worden vlekjes in de huid gemaskeerd.<\/p>\n<p>Voordelen van het gebruik van dit product:<br \/>\n&#8211; Beschermt de huid tegen UV-straling<br \/>\n&#8211; Hydrateert, verzacht en voedt de huid<br \/>\n&#8211; Laat alle tinten in de huid meer stralen<\/p>\n<p>Gebruik:<br \/>\nTeoxane Advanced Perfecting Shield SPF30 kan het beste in de ochtend worden aangebracht op het gezicht en op de hals. Deze cr\u00e8me altijd als laatste aanbrengen mocht u andere huidverzorgingsproducten gebruiken.<\/p>\n<p>De samenstelling van dit product<br \/>\n&#8211; RHA<br \/>\n&#8211; Huid-herstructureringscomplexen<br \/>\n&#8211; Novhyal<br \/>\n&#8211; Carcinne<\/p>\n<p>Inhoud:<br \/>\n50 ml.<\/p>\n","protected":false},"featured_media":1939,"comment_status":"open","ping_status":"closed","template":"","meta":[],"product_brand":[],"product_cat":[15],"product_tag":[],"class_list":{"0":"post-2464","1":"product","2":"type-product","3":"status-publish","4":"has-post-thumbnail","6":"product_cat-uncategorized","8":"first","9":"outofstock","10":"shipping-taxable","11":"purchasable","12":"product-type-simple","13":"prodpage-classic"},"yoast_head":"<!-- This site is optimized with the Yoast SEO plugin v25.6 - https:\/\/yoast.com\/wordpress\/plugins\/seo\/ -->\n<title>Teoxane Advanced Perfecting Shield SPF30 - Velvet Clinics<\/title>\n<meta name=\"robots\" content=\"index, follow, max-snippet:-1, max-image-preview:large, max-video-preview:-1\" \/>\n<link rel=\"canonical\" href=\"https:\/\/velvetclinics.nl\/en\/product\/teoxane-advanced-perfecting-shield-spf30\/\" \/>\n<meta property=\"og:locale\" content=\"en_US\" \/>\n<meta property=\"og:type\" content=\"article\" \/>\n<meta property=\"og:title\" content=\"Teoxane Advanced Perfecting Shield SPF30 - Velvet Clinics\" \/>\n<meta property=\"og:description\" content=\"Teoxane Advanced Perfecting Shield SPF30 is een multifunctionele Factor 30-cr\u00e8me die is ontworpen om de huid het hele jaar door gezond en jong te houden. De cr\u00e8me is gebaseerd op Teoxane&#039;s unieke en gepatenteerde RHA-technologie, waarmee de bovenste huidlagen gehydrateerd en voller gemaakt worden. Teoxane Advanced Perfecting Shield SPF30 is ontworpen om de huid te beschermen tegen UV-A, UV-B en omgevingsinvloeden. De cr\u00e8me bevatingredi\u00ebnten die huidveroudering actief tegengaan. Daarnaast bevat deze cr\u00e8me krachtige antioxidanten die naast huidveroudering ook een vermoeid ogende huid bestrijden. In de derde plaats zorgt de cr\u00e8me ervoor dat alle tinten in de huid weer gaan stralen en worden vlekjes in de huid gemaskeerd. Voordelen van het gebruik van dit product: - Beschermt de huid tegen UV-straling - Hydrateert, verzacht en voedt de huid - Laat alle tinten in de huid meer stralen Gebruik: Teoxane Advanced Perfecting Shield SPF30 kan het beste in de ochtend worden aangebracht op het gezicht en op de hals. Deze cr\u00e8me altijd als laatste aanbrengen mocht u andere huidverzorgingsproducten gebruiken. De samenstelling van dit product - RHA - Huid-herstructureringscomplexen - Novhyal - Carcinne Inhoud: 50 ml.\" \/>\n<meta property=\"og:url\" content=\"https:\/\/velvetclinics.nl\/en\/product\/teoxane-advanced-perfecting-shield-spf30\/\" \/>\n<meta property=\"og:site_name\" content=\"Velvet Clinics\" \/>\n<meta property=\"article:modified_time\" content=\"2021-08-20T15:50:48+00:00\" \/>\n<meta property=\"og:image\" content=\"https:\/\/velvetclinics.nl\/wp-content\/uploads\/2021\/05\/teoxane_advanced_perfecting_shield.png\" \/>\n\t<meta property=\"og:image:width\" content=\"567\" \/>\n\t<meta property=\"og:image:height\" content=\"567\" \/>\n\t<meta property=\"og:image:type\" content=\"image\/png\" \/>\n<meta name=\"twitter:card\" content=\"summary_large_image\" \/>\n<script type=\"application\/ld+json\" class=\"yoast-schema-graph\">{\"@context\":\"https:\/\/schema.org\",\"@graph\":[{\"@type\":\"WebPage\",\"@id\":\"https:\/\/velvetclinics.nl\/en\/product\/teoxane-advanced-perfecting-shield-spf30\/\",\"url\":\"https:\/\/velvetclinics.nl\/en\/product\/teoxane-advanced-perfecting-shield-spf30\/\",\"name\":\"Teoxane Advanced Perfecting Shield SPF30 - Velvet Clinics\",\"isPartOf\":{\"@id\":\"https:\/\/velvetclinics.nl\/#website\"},\"primaryImageOfPage\":{\"@id\":\"https:\/\/velvetclinics.nl\/en\/product\/teoxane-advanced-perfecting-shield-spf30\/#primaryimage\"},\"image\":{\"@id\":\"https:\/\/velvetclinics.nl\/en\/product\/teoxane-advanced-perfecting-shield-spf30\/#primaryimage\"},\"thumbnailUrl\":\"https:\/\/velvetclinics.nl\/wp-content\/uploads\/2021\/05\/teoxane_advanced_perfecting_shield.png\",\"datePublished\":\"2021-08-20T15:50:46+00:00\",\"dateModified\":\"2021-08-20T15:50:48+00:00\",\"breadcrumb\":{\"@id\":\"https:\/\/velvetclinics.nl\/en\/product\/teoxane-advanced-perfecting-shield-spf30\/#breadcrumb\"},\"inLanguage\":\"en-US\",\"potentialAction\":[{\"@type\":\"ReadAction\",\"target\":[\"https:\/\/velvetclinics.nl\/en\/product\/teoxane-advanced-perfecting-shield-spf30\/\"]}]},{\"@type\":\"ImageObject\",\"inLanguage\":\"en-US\",\"@id\":\"https:\/\/velvetclinics.nl\/en\/product\/teoxane-advanced-perfecting-shield-spf30\/#primaryimage\",\"url\":\"https:\/\/velvetclinics.nl\/wp-content\/uploads\/2021\/05\/teoxane_advanced_perfecting_shield.png\",\"contentUrl\":\"https:\/\/velvetclinics.nl\/wp-content\/uploads\/2021\/05\/teoxane_advanced_perfecting_shield.png\",\"width\":567,\"height\":567},{\"@type\":\"BreadcrumbList\",\"@id\":\"https:\/\/velvetclinics.nl\/en\/product\/teoxane-advanced-perfecting-shield-spf30\/#breadcrumb\",\"itemListElement\":[{\"@type\":\"ListItem\",\"position\":1,\"name\":\"Home\",\"item\":\"https:\/\/velvetclinics.nl\/en\/\"},{\"@type\":\"ListItem\",\"position\":2,\"name\":\"Winkel\",\"item\":\"https:\/\/velvetclinics.nl\/winkel\/\"},{\"@type\":\"ListItem\",\"position\":3,\"name\":\"Teoxane Advanced Perfecting Shield SPF30\"}]},{\"@type\":\"WebSite\",\"@id\":\"https:\/\/velvetclinics.nl\/#website\",\"url\":\"https:\/\/velvetclinics.nl\/\",\"name\":\"Velvet Clinics\",\"description\":\"Cosmetische kliniek\",\"publisher\":{\"@id\":\"https:\/\/velvetclinics.nl\/#organization\"},\"potentialAction\":[{\"@type\":\"SearchAction\",\"target\":{\"@type\":\"EntryPoint\",\"urlTemplate\":\"https:\/\/velvetclinics.nl\/?s={search_term_string}\"},\"query-input\":{\"@type\":\"PropertyValueSpecification\",\"valueRequired\":true,\"valueName\":\"search_term_string\"}}],\"inLanguage\":\"en-US\"},{\"@type\":\"Organization\",\"@id\":\"https:\/\/velvetclinics.nl\/#organization\",\"name\":\"Velvet Clinics\",\"url\":\"https:\/\/velvetclinics.nl\/\",\"logo\":{\"@type\":\"ImageObject\",\"inLanguage\":\"en-US\",\"@id\":\"https:\/\/velvetclinics.nl\/#\/schema\/logo\/image\/\",\"url\":\"https:\/\/velvetclinics.nl\/wp-content\/uploads\/2019\/06\/Velvet-Clinics-logo.png\",\"contentUrl\":\"https:\/\/velvetclinics.nl\/wp-content\/uploads\/2019\/06\/Velvet-Clinics-logo.png\",\"width\":256,\"height\":124,\"caption\":\"Velvet Clinics\"},\"image\":{\"@id\":\"https:\/\/velvetclinics.nl\/#\/schema\/logo\/image\/\"}}]}<\/script>\n<!-- \/ Yoast SEO plugin. -->","yoast_head_json":{"title":"Teoxane Advanced Perfecting Shield SPF30 - Velvet Clinics","robots":{"index":"index","follow":"follow","max-snippet":"max-snippet:-1","max-image-preview":"max-image-preview:large","max-video-preview":"max-video-preview:-1"},"canonical":"https:\/\/velvetclinics.nl\/en\/product\/teoxane-advanced-perfecting-shield-spf30\/","og_locale":"en_US","og_type":"article","og_title":"Teoxane Advanced Perfecting Shield SPF30 - Velvet Clinics","og_description":"Teoxane Advanced Perfecting Shield SPF30 is een multifunctionele Factor 30-cr\u00e8me die is ontworpen om de huid het hele jaar door gezond en jong te houden. De cr\u00e8me is gebaseerd op Teoxane's unieke en gepatenteerde RHA-technologie, waarmee de bovenste huidlagen gehydrateerd en voller gemaakt worden. Teoxane Advanced Perfecting Shield SPF30 is ontworpen om de huid te beschermen tegen UV-A, UV-B en omgevingsinvloeden. De cr\u00e8me bevatingredi\u00ebnten die huidveroudering actief tegengaan. Daarnaast bevat deze cr\u00e8me krachtige antioxidanten die naast huidveroudering ook een vermoeid ogende huid bestrijden. In de derde plaats zorgt de cr\u00e8me ervoor dat alle tinten in de huid weer gaan stralen en worden vlekjes in de huid gemaskeerd. Voordelen van het gebruik van dit product: - Beschermt de huid tegen UV-straling - Hydrateert, verzacht en voedt de huid - Laat alle tinten in de huid meer stralen Gebruik: Teoxane Advanced Perfecting Shield SPF30 kan het beste in de ochtend worden aangebracht op het gezicht en op de hals. Deze cr\u00e8me altijd als laatste aanbrengen mocht u andere huidverzorgingsproducten gebruiken. De samenstelling van dit product - RHA - Huid-herstructureringscomplexen - Novhyal - Carcinne Inhoud: 50 ml.","og_url":"https:\/\/velvetclinics.nl\/en\/product\/teoxane-advanced-perfecting-shield-spf30\/","og_site_name":"Velvet Clinics","article_modified_time":"2021-08-20T15:50:48+00:00","og_image":[{"width":567,"height":567,"url":"https:\/\/velvetclinics.nl\/wp-content\/uploads\/2021\/05\/teoxane_advanced_perfecting_shield.png","type":"image\/png"}],"twitter_card":"summary_large_image","schema":{"@context":"https:\/\/schema.org","@graph":[{"@type":"WebPage","@id":"https:\/\/velvetclinics.nl\/en\/product\/teoxane-advanced-perfecting-shield-spf30\/","url":"https:\/\/velvetclinics.nl\/en\/product\/teoxane-advanced-perfecting-shield-spf30\/","name":"Teoxane Advanced Perfecting Shield SPF30 - Velvet Clinics","isPartOf":{"@id":"https:\/\/velvetclinics.nl\/#website"},"primaryImageOfPage":{"@id":"https:\/\/velvetclinics.nl\/en\/product\/teoxane-advanced-perfecting-shield-spf30\/#primaryimage"},"image":{"@id":"https:\/\/velvetclinics.nl\/en\/product\/teoxane-advanced-perfecting-shield-spf30\/#primaryimage"},"thumbnailUrl":"https:\/\/velvetclinics.nl\/wp-content\/uploads\/2021\/05\/teoxane_advanced_perfecting_shield.png","datePublished":"2021-08-20T15:50:46+00:00","dateModified":"2021-08-20T15:50:48+00:00","breadcrumb":{"@id":"https:\/\/velvetclinics.nl\/en\/product\/teoxane-advanced-perfecting-shield-spf30\/#breadcrumb"},"inLanguage":"en-US","potentialAction":[{"@type":"ReadAction","target":["https:\/\/velvetclinics.nl\/en\/product\/teoxane-advanced-perfecting-shield-spf30\/"]}]},{"@type":"ImageObject","inLanguage":"en-US","@id":"https:\/\/velvetclinics.nl\/en\/product\/teoxane-advanced-perfecting-shield-spf30\/#primaryimage","url":"https:\/\/velvetclinics.nl\/wp-content\/uploads\/2021\/05\/teoxane_advanced_perfecting_shield.png","contentUrl":"https:\/\/velvetclinics.nl\/wp-content\/uploads\/2021\/05\/teoxane_advanced_perfecting_shield.png","width":567,"height":567},{"@type":"BreadcrumbList","@id":"https:\/\/velvetclinics.nl\/en\/product\/teoxane-advanced-perfecting-shield-spf30\/#breadcrumb","itemListElement":[{"@type":"ListItem","position":1,"name":"Home","item":"https:\/\/velvetclinics.nl\/en\/"},{"@type":"ListItem","position":2,"name":"Winkel","item":"https:\/\/velvetclinics.nl\/winkel\/"},{"@type":"ListItem","position":3,"name":"Teoxane Advanced Perfecting Shield SPF30"}]},{"@type":"WebSite","@id":"https:\/\/velvetclinics.nl\/#website","url":"https:\/\/velvetclinics.nl\/","name":"Velvet Clinics","description":"Cosmetische kliniek","publisher":{"@id":"https:\/\/velvetclinics.nl\/#organization"},"potentialAction":[{"@type":"SearchAction","target":{"@type":"EntryPoint","urlTemplate":"https:\/\/velvetclinics.nl\/?s={search_term_string}"},"query-input":{"@type":"PropertyValueSpecification","valueRequired":true,"valueName":"search_term_string"}}],"inLanguage":"en-US"},{"@type":"Organization","@id":"https:\/\/velvetclinics.nl\/#organization","name":"Velvet Clinics","url":"https:\/\/velvetclinics.nl\/","logo":{"@type":"ImageObject","inLanguage":"en-US","@id":"https:\/\/velvetclinics.nl\/#\/schema\/logo\/image\/","url":"https:\/\/velvetclinics.nl\/wp-content\/uploads\/2019\/06\/Velvet-Clinics-logo.png","contentUrl":"https:\/\/velvetclinics.nl\/wp-content\/uploads\/2019\/06\/Velvet-Clinics-logo.png","width":256,"height":124,"caption":"Velvet Clinics"},"image":{"@id":"https:\/\/velvetclinics.nl\/#\/schema\/logo\/image\/"}}]}},"_links":{"self":[{"href":"https:\/\/velvetclinics.nl\/en\/wp-json\/wp\/v2\/product\/2464","targetHints":{"allow":["GET"]}}],"collection":[{"href":"https:\/\/velvetclinics.nl\/en\/wp-json\/wp\/v2\/product"}],"about":[{"href":"https:\/\/velvetclinics.nl\/en\/wp-json\/wp\/v2\/types\/product"}],"replies":[{"embeddable":true,"href":"https:\/\/velvetclinics.nl\/en\/wp-json\/wp\/v2\/comments?post=2464"}],"wp:featuredmedia":[{"embeddable":true,"href":"https:\/\/velvetclinics.nl\/en\/wp-json\/wp\/v2\/media\/1939"}],"wp:attachment":[{"href":"https:\/\/velvetclinics.nl\/en\/wp-json\/wp\/v2\/media?parent=2464"}],"wp:term":[{"taxonomy":"product_brand","embeddable":true,"href":"https:\/\/velvetclinics.nl\/en\/wp-json\/wp\/v2\/product_brand?post=2464"},{"taxonomy":"product_cat","embeddable":true,"href":"https:\/\/velvetclinics.nl\/en\/wp-json\/wp\/v2\/product_cat?post=2464"},{"taxonomy":"product_tag","embeddable":true,"href":"https:\/\/velvetclinics.nl\/en\/wp-json\/wp\/v2\/product_tag?post=2464"}],"curies":[{"name":"wp","href":"https:\/\/api.w.org\/{rel}","templated":true}]}}